{"id":738,"date":"2018-11-15T10:16:34","date_gmt":"2018-11-15T09:16:34","guid":{"rendered":"http:\/\/www.stconsultores.com\/la-empresa\/"},"modified":"2020-06-23T11:32:46","modified_gmt":"2020-06-23T09:32:46","slug":"l-empresa","status":"publish","type":"page","link":"https:\/\/stconsultores.com\/ca\/l-empresa\/","title":{"rendered":"L&#8217;Empresa"},"content":{"rendered":"<p>[vc_row][vc_column][vc_column_text][\/vc_column_text][\/vc_column][\/vc_row]<\/p>\n","protected":false},"excerpt":{"rendered":"<p>ST Consultores tiene su origen en un grupo de profesionales apasionados. En 1982 encuentran el camino conjunto desde el que iniciar un proceso de crecimiento y reinvenci\u00f3n constante, el modo de explotar las ideas innovadoras, la experiencia y el conocimiento adquirido, ofreciendo sus habilidades como empresa formando parte del Grupo Sociedad de Tasaci\u00f3n.<\/p>\n","protected":false},"author":1,"featured_media":1280,"parent":0,"menu_order":0,"comment_status":"closed","ping_status":"closed","template":"","meta":{"footnotes":""},"class_list":["post-738","page","type-page","status-publish","has-post-thumbnail","hentry"],"yoast_head":"<!-- This site is optimized with the Yoast SEO plugin v27.3 - https:\/\/yoast.com\/product\/yoast-seo-wordpress\/ -->\n<title>L&#039;Empresa - My CMS<\/title>\n<meta name=\"description\" content=\"project management, project monitoring, consultor\u00eda edificaci\u00f3n, gesti\u00f3n t\u00e9cnica de activos, an\u00e1lisis de mercado, consultor\u00eda estrat\u00e9gica, due diligences, arquitectura e ingenier\u00eda, actuaciones t\u00e9cnicas, informes t\u00e9cnicos, certificaci\u00f3n energ\u00e9tica, evaluaci\u00f3n ratings oficinas,rics, spanish property survey\" \/>\n<meta name=\"robots\" content=\"index, follow, max-snippet:-1, max-image-preview:large, max-video-preview:-1\" \/>\n<link rel=\"canonical\" href=\"https:\/\/stconsultores.com\/ca\/l-empresa\/\" \/>\n<meta property=\"og:locale\" content=\"ca_ES\" \/>\n<meta property=\"og:type\" content=\"article\" \/>\n<meta property=\"og:title\" content=\"L&#039;Empresa - My CMS\" \/>\n<meta property=\"og:description\" content=\"project management, project monitoring, consultor\u00eda edificaci\u00f3n, gesti\u00f3n t\u00e9cnica de activos, an\u00e1lisis de mercado, consultor\u00eda estrat\u00e9gica, due diligences, arquitectura e ingenier\u00eda, actuaciones t\u00e9cnicas, informes t\u00e9cnicos, certificaci\u00f3n energ\u00e9tica, evaluaci\u00f3n ratings oficinas,rics, spanish property survey\" \/>\n<meta property=\"og:url\" content=\"https:\/\/stconsultores.com\/ca\/l-empresa\/\" \/>\n<meta property=\"og:site_name\" content=\"My CMS\" \/>\n<meta property=\"article:publisher\" content=\"https:\/\/es-es.facebook.com\/pages\/category\/Community\/ST-Consultores-112727218800616\/\" \/>\n<meta property=\"article:modified_time\" content=\"2020-06-23T09:32:46+00:00\" \/>\n<meta property=\"og:image\" content=\"https:\/\/stconsultores.com\/wp-content\/uploads\/2020\/06\/ST31.png\" \/>\n\t<meta property=\"og:image:width\" content=\"1094\" \/>\n\t<meta property=\"og:image:height\" content=\"388\" \/>\n\t<meta property=\"og:image:type\" content=\"image\/png\" \/>\n<meta name=\"twitter:card\" content=\"summary_large_image\" \/>\n<meta name=\"twitter:site\" content=\"@stconsultores\" \/>\n<script type=\"application\/ld+json\" class=\"yoast-schema-graph\">{\"@context\":\"https:\\\/\\\/schema.org\",\"@graph\":[{\"@type\":\"WebPage\",\"@id\":\"https:\\\/\\\/stconsultores.com\\\/ca\\\/l-empresa\\\/\",\"url\":\"https:\\\/\\\/stconsultores.com\\\/ca\\\/l-empresa\\\/\",\"name\":\"L'Empresa - My CMS\",\"isPartOf\":{\"@id\":\"https:\\\/\\\/stconsultores.com\\\/#website\"},\"primaryImageOfPage\":{\"@id\":\"https:\\\/\\\/stconsultores.com\\\/ca\\\/l-empresa\\\/#primaryimage\"},\"image\":{\"@id\":\"https:\\\/\\\/stconsultores.com\\\/ca\\\/l-empresa\\\/#primaryimage\"},\"thumbnailUrl\":\"https:\\\/\\\/stconsultores.com\\\/wp-content\\\/uploads\\\/2020\\\/06\\\/ST31.png\",\"datePublished\":\"2018-11-15T09:16:34+00:00\",\"dateModified\":\"2020-06-23T09:32:46+00:00\",\"description\":\"project management, project monitoring, consultor\u00eda edificaci\u00f3n, gesti\u00f3n t\u00e9cnica de activos, an\u00e1lisis de mercado, consultor\u00eda estrat\u00e9gica, due diligences, arquitectura e ingenier\u00eda, actuaciones t\u00e9cnicas, informes t\u00e9cnicos, certificaci\u00f3n energ\u00e9tica, evaluaci\u00f3n ratings oficinas,rics, spanish property survey\",\"breadcrumb\":{\"@id\":\"https:\\\/\\\/stconsultores.com\\\/ca\\\/l-empresa\\\/#breadcrumb\"},\"inLanguage\":\"ca\",\"potentialAction\":[{\"@type\":\"ReadAction\",\"target\":[\"https:\\\/\\\/stconsultores.com\\\/ca\\\/l-empresa\\\/\"]}]},{\"@type\":\"ImageObject\",\"inLanguage\":\"ca\",\"@id\":\"https:\\\/\\\/stconsultores.com\\\/ca\\\/l-empresa\\\/#primaryimage\",\"url\":\"https:\\\/\\\/stconsultores.com\\\/wp-content\\\/uploads\\\/2020\\\/06\\\/ST31.png\",\"contentUrl\":\"https:\\\/\\\/stconsultores.com\\\/wp-content\\\/uploads\\\/2020\\\/06\\\/ST31.png\",\"width\":1094,\"height\":388},{\"@type\":\"BreadcrumbList\",\"@id\":\"https:\\\/\\\/stconsultores.com\\\/ca\\\/l-empresa\\\/#breadcrumb\",\"itemListElement\":[{\"@type\":\"ListItem\",\"position\":1,\"name\":\"Portada\",\"item\":\"https:\\\/\\\/stconsultores.com\\\/ca\\\/\"},{\"@type\":\"ListItem\",\"position\":2,\"name\":\"L&#8217;Empresa\"}]},{\"@type\":\"WebSite\",\"@id\":\"https:\\\/\\\/stconsultores.com\\\/#website\",\"url\":\"https:\\\/\\\/stconsultores.com\\\/\",\"name\":\"My CMS\",\"description\":\"Servicios integrales de consultor\u00eda inmobiliaria y estrat\u00e9gica\",\"potentialAction\":[{\"@type\":\"SearchAction\",\"target\":{\"@type\":\"EntryPoint\",\"urlTemplate\":\"https:\\\/\\\/stconsultores.com\\\/?s={search_term_string}\"},\"query-input\":{\"@type\":\"PropertyValueSpecification\",\"valueRequired\":true,\"valueName\":\"search_term_string\"}}],\"inLanguage\":\"ca\"}]}<\/script>\n<!-- \/ Yoast SEO plugin. -->","yoast_head_json":{"title":"L'Empresa - My CMS","description":"project management, project monitoring, consultor\u00eda edificaci\u00f3n, gesti\u00f3n t\u00e9cnica de activos, an\u00e1lisis de mercado, consultor\u00eda estrat\u00e9gica, due diligences, arquitectura e ingenier\u00eda, actuaciones t\u00e9cnicas, informes t\u00e9cnicos, certificaci\u00f3n energ\u00e9tica, evaluaci\u00f3n ratings oficinas,rics, spanish property survey","robots":{"index":"index","follow":"follow","max-snippet":"max-snippet:-1","max-image-preview":"max-image-preview:large","max-video-preview":"max-video-preview:-1"},"canonical":"https:\/\/stconsultores.com\/ca\/l-empresa\/","og_locale":"ca_ES","og_type":"article","og_title":"L'Empresa - My CMS","og_description":"project management, project monitoring, consultor\u00eda edificaci\u00f3n, gesti\u00f3n t\u00e9cnica de activos, an\u00e1lisis de mercado, consultor\u00eda estrat\u00e9gica, due diligences, arquitectura e ingenier\u00eda, actuaciones t\u00e9cnicas, informes t\u00e9cnicos, certificaci\u00f3n energ\u00e9tica, evaluaci\u00f3n ratings oficinas,rics, spanish property survey","og_url":"https:\/\/stconsultores.com\/ca\/l-empresa\/","og_site_name":"My CMS","article_publisher":"https:\/\/es-es.facebook.com\/pages\/category\/Community\/ST-Consultores-112727218800616\/","article_modified_time":"2020-06-23T09:32:46+00:00","og_image":[{"width":1094,"height":388,"url":"https:\/\/stconsultores.com\/wp-content\/uploads\/2020\/06\/ST31.png","type":"image\/png"}],"twitter_card":"summary_large_image","twitter_site":"@stconsultores","schema":{"@context":"https:\/\/schema.org","@graph":[{"@type":"WebPage","@id":"https:\/\/stconsultores.com\/ca\/l-empresa\/","url":"https:\/\/stconsultores.com\/ca\/l-empresa\/","name":"L'Empresa - My CMS","isPartOf":{"@id":"https:\/\/stconsultores.com\/#website"},"primaryImageOfPage":{"@id":"https:\/\/stconsultores.com\/ca\/l-empresa\/#primaryimage"},"image":{"@id":"https:\/\/stconsultores.com\/ca\/l-empresa\/#primaryimage"},"thumbnailUrl":"https:\/\/stconsultores.com\/wp-content\/uploads\/2020\/06\/ST31.png","datePublished":"2018-11-15T09:16:34+00:00","dateModified":"2020-06-23T09:32:46+00:00","description":"project management, project monitoring, consultor\u00eda edificaci\u00f3n, gesti\u00f3n t\u00e9cnica de activos, an\u00e1lisis de mercado, consultor\u00eda estrat\u00e9gica, due diligences, arquitectura e ingenier\u00eda, actuaciones t\u00e9cnicas, informes t\u00e9cnicos, certificaci\u00f3n energ\u00e9tica, evaluaci\u00f3n ratings oficinas,rics, spanish property survey","breadcrumb":{"@id":"https:\/\/stconsultores.com\/ca\/l-empresa\/#breadcrumb"},"inLanguage":"ca","potentialAction":[{"@type":"ReadAction","target":["https:\/\/stconsultores.com\/ca\/l-empresa\/"]}]},{"@type":"ImageObject","inLanguage":"ca","@id":"https:\/\/stconsultores.com\/ca\/l-empresa\/#primaryimage","url":"https:\/\/stconsultores.com\/wp-content\/uploads\/2020\/06\/ST31.png","contentUrl":"https:\/\/stconsultores.com\/wp-content\/uploads\/2020\/06\/ST31.png","width":1094,"height":388},{"@type":"BreadcrumbList","@id":"https:\/\/stconsultores.com\/ca\/l-empresa\/#breadcrumb","itemListElement":[{"@type":"ListItem","position":1,"name":"Portada","item":"https:\/\/stconsultores.com\/ca\/"},{"@type":"ListItem","position":2,"name":"L&#8217;Empresa"}]},{"@type":"WebSite","@id":"https:\/\/stconsultores.com\/#website","url":"https:\/\/stconsultores.com\/","name":"My CMS","description":"Servicios integrales de consultor\u00eda inmobiliaria y estrat\u00e9gica","potentialAction":[{"@type":"SearchAction","target":{"@type":"EntryPoint","urlTemplate":"https:\/\/stconsultores.com\/?s={search_term_string}"},"query-input":{"@type":"PropertyValueSpecification","valueRequired":true,"valueName":"search_term_string"}}],"inLanguage":"ca"}]}},"_links":{"self":[{"href":"https:\/\/stconsultores.com\/ca\/wp-json\/wp\/v2\/pages\/738","targetHints":{"allow":["GET"]}}],"collection":[{"href":"https:\/\/stconsultores.com\/ca\/wp-json\/wp\/v2\/pages"}],"about":[{"href":"https:\/\/stconsultores.com\/ca\/wp-json\/wp\/v2\/types\/page"}],"author":[{"embeddable":true,"href":"https:\/\/stconsultores.com\/ca\/wp-json\/wp\/v2\/users\/1"}],"replies":[{"embeddable":true,"href":"https:\/\/stconsultores.com\/ca\/wp-json\/wp\/v2\/comments?post=738"}],"version-history":[{"count":5,"href":"https:\/\/stconsultores.com\/ca\/wp-json\/wp\/v2\/pages\/738\/revisions"}],"predecessor-version":[{"id":1323,"href":"https:\/\/stconsultores.com\/ca\/wp-json\/wp\/v2\/pages\/738\/revisions\/1323"}],"wp:featuredmedia":[{"embeddable":true,"href":"https:\/\/stconsultores.com\/ca\/wp-json\/wp\/v2\/media\/1280"}],"wp:attachment":[{"href":"https:\/\/stconsultores.com\/ca\/wp-json\/wp\/v2\/media?parent=738"}],"curies":[{"name":"wp","href":"https:\/\/api.w.org\/{rel}","templated":true}]}}