{"id":969,"date":"2018-10-29T16:58:31","date_gmt":"2018-10-29T16:58:31","guid":{"rendered":"http:\/\/www.stconsultores.com\/solutions\/consultoria-estrategica\/"},"modified":"2023-06-02T10:59:00","modified_gmt":"2023-06-02T08:59:00","slug":"project-management","status":"publish","type":"page","link":"https:\/\/stconsultores.com\/en\/solutions\/project-management\/","title":{"rendered":"Project Management"},"content":{"rendered":"<p><!-- Global site tag (gtag.js) - Google Ads: 762062963 --><br \/>\n<script async src=\"https:\/\/www.googletagmanager.com\/gtag\/js?id=AW-762062963\"><\/script><br \/>\n<script>window.dataLayer = window.dataLayer || [];function gtag(){dataLayer.push(arguments);}gtag('js', new Date());gtag('config', 'AW-762062963');<\/script><\/p>\n","protected":false},"excerpt":{"rendered":"<p>Conocimiento t\u00e9cnico, trayectoria y pericia: valores capitales para obtener un resultado \u00f3ptimo.<br \/>\nYa hab\u00edamos abordado cientos de proyectos y servicios. Entonces,<\/p>\n","protected":false},"author":1,"featured_media":970,"parent":945,"menu_order":0,"comment_status":"closed","ping_status":"closed","template":"","meta":{"footnotes":""},"class_list":["post-969","page","type-page","status-publish","has-post-thumbnail","hentry"],"yoast_head":"<!-- This site is optimized with the Yoast SEO plugin v27.3 - https:\/\/yoast.com\/product\/yoast-seo-wordpress\/ -->\n<title>Project Management - My CMS<\/title>\n<meta name=\"description\" content=\"project management, project monitoring, consultor\u00eda edificaci\u00f3n, gesti\u00f3n t\u00e9cnica de activos, an\u00e1lisis de mercado, consultor\u00eda estrat\u00e9gica, due diligences, arquitectura e ingenier\u00eda, actuaciones t\u00e9cnicas, informes t\u00e9cnicos, certificaci\u00f3n energ\u00e9tica, evaluaci\u00f3n ratings oficinas,rics, spanish property survey\" \/>\n<meta name=\"robots\" content=\"index, follow, max-snippet:-1, max-image-preview:large, max-video-preview:-1\" \/>\n<link rel=\"canonical\" href=\"https:\/\/stconsultores.com\/en\/solutions\/project-management\/\" \/>\n<meta property=\"og:locale\" content=\"en_US\" \/>\n<meta property=\"og:type\" content=\"article\" \/>\n<meta property=\"og:title\" content=\"Project Management - My CMS\" \/>\n<meta property=\"og:description\" content=\"project management, project monitoring, consultor\u00eda edificaci\u00f3n, gesti\u00f3n t\u00e9cnica de activos, an\u00e1lisis de mercado, consultor\u00eda estrat\u00e9gica, due diligences, arquitectura e ingenier\u00eda, actuaciones t\u00e9cnicas, informes t\u00e9cnicos, certificaci\u00f3n energ\u00e9tica, evaluaci\u00f3n ratings oficinas,rics, spanish property survey\" \/>\n<meta property=\"og:url\" content=\"https:\/\/stconsultores.com\/en\/solutions\/project-management\/\" \/>\n<meta property=\"og:site_name\" content=\"My CMS\" \/>\n<meta property=\"article:publisher\" content=\"https:\/\/es-es.facebook.com\/pages\/category\/Community\/ST-Consultores-112727218800616\/\" \/>\n<meta property=\"article:modified_time\" content=\"2023-06-02T08:59:00+00:00\" \/>\n<meta property=\"og:image\" content=\"https:\/\/stconsultores.com\/wp-content\/uploads\/2018\/10\/analisis-slider.jpg\" \/>\n\t<meta property=\"og:image:width\" content=\"1920\" \/>\n\t<meta property=\"og:image:height\" content=\"723\" \/>\n\t<meta property=\"og:image:type\" content=\"image\/jpeg\" \/>\n<meta name=\"twitter:card\" content=\"summary_large_image\" \/>\n<meta name=\"twitter:site\" content=\"@stconsultores\" \/>\n<meta name=\"twitter:label1\" content=\"Est. reading time\" \/>\n\t<meta name=\"twitter:data1\" content=\"1 minute\" \/>\n<script type=\"application\/ld+json\" class=\"yoast-schema-graph\">{\"@context\":\"https:\\\/\\\/schema.org\",\"@graph\":[{\"@type\":\"WebPage\",\"@id\":\"https:\\\/\\\/stconsultores.com\\\/en\\\/solutions\\\/project-management\\\/\",\"url\":\"https:\\\/\\\/stconsultores.com\\\/en\\\/solutions\\\/project-management\\\/\",\"name\":\"Project Management - My CMS\",\"isPartOf\":{\"@id\":\"https:\\\/\\\/stconsultores.com\\\/#website\"},\"primaryImageOfPage\":{\"@id\":\"https:\\\/\\\/stconsultores.com\\\/en\\\/solutions\\\/project-management\\\/#primaryimage\"},\"image\":{\"@id\":\"https:\\\/\\\/stconsultores.com\\\/en\\\/solutions\\\/project-management\\\/#primaryimage\"},\"thumbnailUrl\":\"https:\\\/\\\/stconsultores.com\\\/wp-content\\\/uploads\\\/2018\\\/10\\\/analisis-slider.jpg\",\"datePublished\":\"2018-10-29T16:58:31+00:00\",\"dateModified\":\"2023-06-02T08:59:00+00:00\",\"description\":\"project management, project monitoring, consultor\u00eda edificaci\u00f3n, gesti\u00f3n t\u00e9cnica de activos, an\u00e1lisis de mercado, consultor\u00eda estrat\u00e9gica, due diligences, arquitectura e ingenier\u00eda, actuaciones t\u00e9cnicas, informes t\u00e9cnicos, certificaci\u00f3n energ\u00e9tica, evaluaci\u00f3n ratings oficinas,rics, spanish property survey\",\"breadcrumb\":{\"@id\":\"https:\\\/\\\/stconsultores.com\\\/en\\\/solutions\\\/project-management\\\/#breadcrumb\"},\"inLanguage\":\"en-US\",\"potentialAction\":[{\"@type\":\"ReadAction\",\"target\":[\"https:\\\/\\\/stconsultores.com\\\/en\\\/solutions\\\/project-management\\\/\"]}]},{\"@type\":\"ImageObject\",\"inLanguage\":\"en-US\",\"@id\":\"https:\\\/\\\/stconsultores.com\\\/en\\\/solutions\\\/project-management\\\/#primaryimage\",\"url\":\"https:\\\/\\\/stconsultores.com\\\/wp-content\\\/uploads\\\/2018\\\/10\\\/analisis-slider.jpg\",\"contentUrl\":\"https:\\\/\\\/stconsultores.com\\\/wp-content\\\/uploads\\\/2018\\\/10\\\/analisis-slider.jpg\",\"width\":1920,\"height\":723},{\"@type\":\"BreadcrumbList\",\"@id\":\"https:\\\/\\\/stconsultores.com\\\/en\\\/solutions\\\/project-management\\\/#breadcrumb\",\"itemListElement\":[{\"@type\":\"ListItem\",\"position\":1,\"name\":\"Portada\",\"item\":\"https:\\\/\\\/stconsultores.com\\\/en\\\/\"},{\"@type\":\"ListItem\",\"position\":2,\"name\":\"Solutions\",\"item\":\"https:\\\/\\\/stconsultores.com\\\/en\\\/solutions\\\/\"},{\"@type\":\"ListItem\",\"position\":3,\"name\":\"Project Management\"}]},{\"@type\":\"WebSite\",\"@id\":\"https:\\\/\\\/stconsultores.com\\\/#website\",\"url\":\"https:\\\/\\\/stconsultores.com\\\/\",\"name\":\"My CMS\",\"description\":\"Servicios integrales de consultor\u00eda inmobiliaria y estrat\u00e9gica\",\"potentialAction\":[{\"@type\":\"SearchAction\",\"target\":{\"@type\":\"EntryPoint\",\"urlTemplate\":\"https:\\\/\\\/stconsultores.com\\\/?s={search_term_string}\"},\"query-input\":{\"@type\":\"PropertyValueSpecification\",\"valueRequired\":true,\"valueName\":\"search_term_string\"}}],\"inLanguage\":\"en-US\"}]}<\/script>\n<!-- \/ Yoast SEO plugin. -->","yoast_head_json":{"title":"Project Management - My CMS","description":"project management, project monitoring, consultor\u00eda edificaci\u00f3n, gesti\u00f3n t\u00e9cnica de activos, an\u00e1lisis de mercado, consultor\u00eda estrat\u00e9gica, due diligences, arquitectura e ingenier\u00eda, actuaciones t\u00e9cnicas, informes t\u00e9cnicos, certificaci\u00f3n energ\u00e9tica, evaluaci\u00f3n ratings oficinas,rics, spanish property survey","robots":{"index":"index","follow":"follow","max-snippet":"max-snippet:-1","max-image-preview":"max-image-preview:large","max-video-preview":"max-video-preview:-1"},"canonical":"https:\/\/stconsultores.com\/en\/solutions\/project-management\/","og_locale":"en_US","og_type":"article","og_title":"Project Management - My CMS","og_description":"project management, project monitoring, consultor\u00eda edificaci\u00f3n, gesti\u00f3n t\u00e9cnica de activos, an\u00e1lisis de mercado, consultor\u00eda estrat\u00e9gica, due diligences, arquitectura e ingenier\u00eda, actuaciones t\u00e9cnicas, informes t\u00e9cnicos, certificaci\u00f3n energ\u00e9tica, evaluaci\u00f3n ratings oficinas,rics, spanish property survey","og_url":"https:\/\/stconsultores.com\/en\/solutions\/project-management\/","og_site_name":"My CMS","article_publisher":"https:\/\/es-es.facebook.com\/pages\/category\/Community\/ST-Consultores-112727218800616\/","article_modified_time":"2023-06-02T08:59:00+00:00","og_image":[{"width":1920,"height":723,"url":"https:\/\/stconsultores.com\/wp-content\/uploads\/2018\/10\/analisis-slider.jpg","type":"image\/jpeg"}],"twitter_card":"summary_large_image","twitter_site":"@stconsultores","twitter_misc":{"Est. reading time":"1 minute"},"schema":{"@context":"https:\/\/schema.org","@graph":[{"@type":"WebPage","@id":"https:\/\/stconsultores.com\/en\/solutions\/project-management\/","url":"https:\/\/stconsultores.com\/en\/solutions\/project-management\/","name":"Project Management - My CMS","isPartOf":{"@id":"https:\/\/stconsultores.com\/#website"},"primaryImageOfPage":{"@id":"https:\/\/stconsultores.com\/en\/solutions\/project-management\/#primaryimage"},"image":{"@id":"https:\/\/stconsultores.com\/en\/solutions\/project-management\/#primaryimage"},"thumbnailUrl":"https:\/\/stconsultores.com\/wp-content\/uploads\/2018\/10\/analisis-slider.jpg","datePublished":"2018-10-29T16:58:31+00:00","dateModified":"2023-06-02T08:59:00+00:00","description":"project management, project monitoring, consultor\u00eda edificaci\u00f3n, gesti\u00f3n t\u00e9cnica de activos, an\u00e1lisis de mercado, consultor\u00eda estrat\u00e9gica, due diligences, arquitectura e ingenier\u00eda, actuaciones t\u00e9cnicas, informes t\u00e9cnicos, certificaci\u00f3n energ\u00e9tica, evaluaci\u00f3n ratings oficinas,rics, spanish property survey","breadcrumb":{"@id":"https:\/\/stconsultores.com\/en\/solutions\/project-management\/#breadcrumb"},"inLanguage":"en-US","potentialAction":[{"@type":"ReadAction","target":["https:\/\/stconsultores.com\/en\/solutions\/project-management\/"]}]},{"@type":"ImageObject","inLanguage":"en-US","@id":"https:\/\/stconsultores.com\/en\/solutions\/project-management\/#primaryimage","url":"https:\/\/stconsultores.com\/wp-content\/uploads\/2018\/10\/analisis-slider.jpg","contentUrl":"https:\/\/stconsultores.com\/wp-content\/uploads\/2018\/10\/analisis-slider.jpg","width":1920,"height":723},{"@type":"BreadcrumbList","@id":"https:\/\/stconsultores.com\/en\/solutions\/project-management\/#breadcrumb","itemListElement":[{"@type":"ListItem","position":1,"name":"Portada","item":"https:\/\/stconsultores.com\/en\/"},{"@type":"ListItem","position":2,"name":"Solutions","item":"https:\/\/stconsultores.com\/en\/solutions\/"},{"@type":"ListItem","position":3,"name":"Project Management"}]},{"@type":"WebSite","@id":"https:\/\/stconsultores.com\/#website","url":"https:\/\/stconsultores.com\/","name":"My CMS","description":"Servicios integrales de consultor\u00eda inmobiliaria y estrat\u00e9gica","potentialAction":[{"@type":"SearchAction","target":{"@type":"EntryPoint","urlTemplate":"https:\/\/stconsultores.com\/?s={search_term_string}"},"query-input":{"@type":"PropertyValueSpecification","valueRequired":true,"valueName":"search_term_string"}}],"inLanguage":"en-US"}]}},"_links":{"self":[{"href":"https:\/\/stconsultores.com\/en\/wp-json\/wp\/v2\/pages\/969","targetHints":{"allow":["GET"]}}],"collection":[{"href":"https:\/\/stconsultores.com\/en\/wp-json\/wp\/v2\/pages"}],"about":[{"href":"https:\/\/stconsultores.com\/en\/wp-json\/wp\/v2\/types\/page"}],"author":[{"embeddable":true,"href":"https:\/\/stconsultores.com\/en\/wp-json\/wp\/v2\/users\/1"}],"replies":[{"embeddable":true,"href":"https:\/\/stconsultores.com\/en\/wp-json\/wp\/v2\/comments?post=969"}],"version-history":[{"count":5,"href":"https:\/\/stconsultores.com\/en\/wp-json\/wp\/v2\/pages\/969\/revisions"}],"predecessor-version":[{"id":1574,"href":"https:\/\/stconsultores.com\/en\/wp-json\/wp\/v2\/pages\/969\/revisions\/1574"}],"up":[{"embeddable":true,"href":"https:\/\/stconsultores.com\/en\/wp-json\/wp\/v2\/pages\/945"}],"wp:featuredmedia":[{"embeddable":true,"href":"https:\/\/stconsultores.com\/en\/wp-json\/wp\/v2\/media\/970"}],"wp:attachment":[{"href":"https:\/\/stconsultores.com\/en\/wp-json\/wp\/v2\/media?parent=969"}],"curies":[{"name":"wp","href":"https:\/\/api.w.org\/{rel}","templated":true}]}}