{"id":1708,"date":"2023-06-05T12:02:40","date_gmt":"2023-06-05T10:02:40","guid":{"rendered":"https:\/\/stconsultores.com\/?page_id=1708"},"modified":"2023-06-05T12:07:16","modified_gmt":"2023-06-05T10:07:16","slug":"consultoria","status":"publish","type":"page","link":"https:\/\/stconsultores.com\/pt-pt\/solucoes\/consultoria\/","title":{"rendered":"Consultoria"},"content":{"rendered":"<p><!-- Global site tag (gtag.js) - Google Ads: 762062963 --><br \/>\n<script async src=\"https:\/\/www.googletagmanager.com\/gtag\/js?id=AW-762062963\"><\/script><br \/>\n<script>window.dataLayer = window.dataLayer || [];function gtag(){dataLayer.push(arguments);}gtag('js', new Date());gtag('config', 'AW-762062963');<\/script><\/p>\n","protected":false},"excerpt":{"rendered":"<p>Conocimiento t\u00e9cnico, trayectoria y pericia: valores capitales para obtener un resultado \u00f3ptimo.<br \/>\nYa hab\u00edamos abordado cientos de proyectos y servicios. Entonces,<\/p>\n","protected":false},"author":5,"featured_media":1607,"parent":836,"menu_order":0,"comment_status":"closed","ping_status":"closed","template":"","meta":{"footnotes":""},"class_list":["post-1708","page","type-page","status-publish","has-post-thumbnail","hentry"],"yoast_head":"<!-- This site is optimized with the Yoast SEO plugin v27.3 - https:\/\/yoast.com\/product\/yoast-seo-wordpress\/ -->\n<title>Consultoria - My CMS<\/title>\n<meta name=\"description\" content=\"project management, project monitoring, consultor\u00eda edificaci\u00f3n, gesti\u00f3n t\u00e9cnica de activos, an\u00e1lisis de mercado, consultor\u00eda estrat\u00e9gica, due diligences, arquitectura e ingenier\u00eda, actuaciones t\u00e9cnicas, informes t\u00e9cnicos, certificaci\u00f3n energ\u00e9tica, evaluaci\u00f3n ratings oficinas,rics, spanish property survey\" \/>\n<meta name=\"robots\" content=\"index, follow, max-snippet:-1, max-image-preview:large, max-video-preview:-1\" \/>\n<link rel=\"canonical\" href=\"https:\/\/stconsultores.com\/pt-pt\/solucoes\/consultoria\/\" \/>\n<meta property=\"og:locale\" content=\"pt_PT\" \/>\n<meta property=\"og:type\" content=\"article\" \/>\n<meta property=\"og:title\" content=\"Consultoria - My CMS\" \/>\n<meta property=\"og:description\" content=\"project management, project monitoring, consultor\u00eda edificaci\u00f3n, gesti\u00f3n t\u00e9cnica de activos, an\u00e1lisis de mercado, consultor\u00eda estrat\u00e9gica, due diligences, arquitectura e ingenier\u00eda, actuaciones t\u00e9cnicas, informes t\u00e9cnicos, certificaci\u00f3n energ\u00e9tica, evaluaci\u00f3n ratings oficinas,rics, spanish property survey\" \/>\n<meta property=\"og:url\" content=\"https:\/\/stconsultores.com\/pt-pt\/solucoes\/consultoria\/\" \/>\n<meta property=\"og:site_name\" content=\"My CMS\" \/>\n<meta property=\"article:publisher\" content=\"https:\/\/es-es.facebook.com\/pages\/category\/Community\/ST-Consultores-112727218800616\/\" \/>\n<meta property=\"article:modified_time\" content=\"2023-06-05T10:07:16+00:00\" \/>\n<meta property=\"og:image\" content=\"https:\/\/stconsultores.com\/wp-content\/uploads\/2023\/06\/ng-66146-unsplash-scaled.jpg\" \/>\n\t<meta property=\"og:image:width\" content=\"1919\" \/>\n\t<meta property=\"og:image:height\" content=\"2560\" \/>\n\t<meta property=\"og:image:type\" content=\"image\/jpeg\" \/>\n<meta name=\"twitter:card\" content=\"summary_large_image\" \/>\n<meta name=\"twitter:site\" content=\"@stconsultores\" \/>\n<meta name=\"twitter:label1\" content=\"Tempo estimado de leitura\" \/>\n\t<meta name=\"twitter:data1\" content=\"1 minuto\" \/>\n<script type=\"application\/ld+json\" class=\"yoast-schema-graph\">{\"@context\":\"https:\\\/\\\/schema.org\",\"@graph\":[{\"@type\":\"WebPage\",\"@id\":\"https:\\\/\\\/stconsultores.com\\\/pt-pt\\\/solucoes\\\/consultoria\\\/\",\"url\":\"https:\\\/\\\/stconsultores.com\\\/pt-pt\\\/solucoes\\\/consultoria\\\/\",\"name\":\"Consultoria - My CMS\",\"isPartOf\":{\"@id\":\"https:\\\/\\\/stconsultores.com\\\/#website\"},\"primaryImageOfPage\":{\"@id\":\"https:\\\/\\\/stconsultores.com\\\/pt-pt\\\/solucoes\\\/consultoria\\\/#primaryimage\"},\"image\":{\"@id\":\"https:\\\/\\\/stconsultores.com\\\/pt-pt\\\/solucoes\\\/consultoria\\\/#primaryimage\"},\"thumbnailUrl\":\"https:\\\/\\\/stconsultores.com\\\/wp-content\\\/uploads\\\/2023\\\/06\\\/ng-66146-unsplash-scaled.jpg\",\"datePublished\":\"2023-06-05T10:02:40+00:00\",\"dateModified\":\"2023-06-05T10:07:16+00:00\",\"description\":\"project management, project monitoring, consultor\u00eda edificaci\u00f3n, gesti\u00f3n t\u00e9cnica de activos, an\u00e1lisis de mercado, consultor\u00eda estrat\u00e9gica, due diligences, arquitectura e ingenier\u00eda, actuaciones t\u00e9cnicas, informes t\u00e9cnicos, certificaci\u00f3n energ\u00e9tica, evaluaci\u00f3n ratings oficinas,rics, spanish property survey\",\"breadcrumb\":{\"@id\":\"https:\\\/\\\/stconsultores.com\\\/pt-pt\\\/solucoes\\\/consultoria\\\/#breadcrumb\"},\"inLanguage\":\"pt-PT\",\"potentialAction\":[{\"@type\":\"ReadAction\",\"target\":[\"https:\\\/\\\/stconsultores.com\\\/pt-pt\\\/solucoes\\\/consultoria\\\/\"]}]},{\"@type\":\"ImageObject\",\"inLanguage\":\"pt-PT\",\"@id\":\"https:\\\/\\\/stconsultores.com\\\/pt-pt\\\/solucoes\\\/consultoria\\\/#primaryimage\",\"url\":\"https:\\\/\\\/stconsultores.com\\\/wp-content\\\/uploads\\\/2023\\\/06\\\/ng-66146-unsplash-scaled.jpg\",\"contentUrl\":\"https:\\\/\\\/stconsultores.com\\\/wp-content\\\/uploads\\\/2023\\\/06\\\/ng-66146-unsplash-scaled.jpg\",\"width\":1919,\"height\":2560},{\"@type\":\"BreadcrumbList\",\"@id\":\"https:\\\/\\\/stconsultores.com\\\/pt-pt\\\/solucoes\\\/consultoria\\\/#breadcrumb\",\"itemListElement\":[{\"@type\":\"ListItem\",\"position\":1,\"name\":\"Portada\",\"item\":\"https:\\\/\\\/stconsultores.com\\\/pt-pt\\\/\"},{\"@type\":\"ListItem\",\"position\":2,\"name\":\"Solu\u00e7\u00f5es\",\"item\":\"https:\\\/\\\/stconsultores.com\\\/pt-pt\\\/solucoes\\\/\"},{\"@type\":\"ListItem\",\"position\":3,\"name\":\"Consultoria\"}]},{\"@type\":\"WebSite\",\"@id\":\"https:\\\/\\\/stconsultores.com\\\/#website\",\"url\":\"https:\\\/\\\/stconsultores.com\\\/\",\"name\":\"My CMS\",\"description\":\"Servicios integrales de consultor\u00eda inmobiliaria y estrat\u00e9gica\",\"potentialAction\":[{\"@type\":\"SearchAction\",\"target\":{\"@type\":\"EntryPoint\",\"urlTemplate\":\"https:\\\/\\\/stconsultores.com\\\/?s={search_term_string}\"},\"query-input\":{\"@type\":\"PropertyValueSpecification\",\"valueRequired\":true,\"valueName\":\"search_term_string\"}}],\"inLanguage\":\"pt-PT\"}]}<\/script>\n<!-- \/ Yoast SEO plugin. -->","yoast_head_json":{"title":"Consultoria - My CMS","description":"project management, project monitoring, consultor\u00eda edificaci\u00f3n, gesti\u00f3n t\u00e9cnica de activos, an\u00e1lisis de mercado, consultor\u00eda estrat\u00e9gica, due diligences, arquitectura e ingenier\u00eda, actuaciones t\u00e9cnicas, informes t\u00e9cnicos, certificaci\u00f3n energ\u00e9tica, evaluaci\u00f3n ratings oficinas,rics, spanish property survey","robots":{"index":"index","follow":"follow","max-snippet":"max-snippet:-1","max-image-preview":"max-image-preview:large","max-video-preview":"max-video-preview:-1"},"canonical":"https:\/\/stconsultores.com\/pt-pt\/solucoes\/consultoria\/","og_locale":"pt_PT","og_type":"article","og_title":"Consultoria - My CMS","og_description":"project management, project monitoring, consultor\u00eda edificaci\u00f3n, gesti\u00f3n t\u00e9cnica de activos, an\u00e1lisis de mercado, consultor\u00eda estrat\u00e9gica, due diligences, arquitectura e ingenier\u00eda, actuaciones t\u00e9cnicas, informes t\u00e9cnicos, certificaci\u00f3n energ\u00e9tica, evaluaci\u00f3n ratings oficinas,rics, spanish property survey","og_url":"https:\/\/stconsultores.com\/pt-pt\/solucoes\/consultoria\/","og_site_name":"My CMS","article_publisher":"https:\/\/es-es.facebook.com\/pages\/category\/Community\/ST-Consultores-112727218800616\/","article_modified_time":"2023-06-05T10:07:16+00:00","og_image":[{"width":1919,"height":2560,"url":"https:\/\/stconsultores.com\/wp-content\/uploads\/2023\/06\/ng-66146-unsplash-scaled.jpg","type":"image\/jpeg"}],"twitter_card":"summary_large_image","twitter_site":"@stconsultores","twitter_misc":{"Tempo estimado de leitura":"1 minuto"},"schema":{"@context":"https:\/\/schema.org","@graph":[{"@type":"WebPage","@id":"https:\/\/stconsultores.com\/pt-pt\/solucoes\/consultoria\/","url":"https:\/\/stconsultores.com\/pt-pt\/solucoes\/consultoria\/","name":"Consultoria - My CMS","isPartOf":{"@id":"https:\/\/stconsultores.com\/#website"},"primaryImageOfPage":{"@id":"https:\/\/stconsultores.com\/pt-pt\/solucoes\/consultoria\/#primaryimage"},"image":{"@id":"https:\/\/stconsultores.com\/pt-pt\/solucoes\/consultoria\/#primaryimage"},"thumbnailUrl":"https:\/\/stconsultores.com\/wp-content\/uploads\/2023\/06\/ng-66146-unsplash-scaled.jpg","datePublished":"2023-06-05T10:02:40+00:00","dateModified":"2023-06-05T10:07:16+00:00","description":"project management, project monitoring, consultor\u00eda edificaci\u00f3n, gesti\u00f3n t\u00e9cnica de activos, an\u00e1lisis de mercado, consultor\u00eda estrat\u00e9gica, due diligences, arquitectura e ingenier\u00eda, actuaciones t\u00e9cnicas, informes t\u00e9cnicos, certificaci\u00f3n energ\u00e9tica, evaluaci\u00f3n ratings oficinas,rics, spanish property survey","breadcrumb":{"@id":"https:\/\/stconsultores.com\/pt-pt\/solucoes\/consultoria\/#breadcrumb"},"inLanguage":"pt-PT","potentialAction":[{"@type":"ReadAction","target":["https:\/\/stconsultores.com\/pt-pt\/solucoes\/consultoria\/"]}]},{"@type":"ImageObject","inLanguage":"pt-PT","@id":"https:\/\/stconsultores.com\/pt-pt\/solucoes\/consultoria\/#primaryimage","url":"https:\/\/stconsultores.com\/wp-content\/uploads\/2023\/06\/ng-66146-unsplash-scaled.jpg","contentUrl":"https:\/\/stconsultores.com\/wp-content\/uploads\/2023\/06\/ng-66146-unsplash-scaled.jpg","width":1919,"height":2560},{"@type":"BreadcrumbList","@id":"https:\/\/stconsultores.com\/pt-pt\/solucoes\/consultoria\/#breadcrumb","itemListElement":[{"@type":"ListItem","position":1,"name":"Portada","item":"https:\/\/stconsultores.com\/pt-pt\/"},{"@type":"ListItem","position":2,"name":"Solu\u00e7\u00f5es","item":"https:\/\/stconsultores.com\/pt-pt\/solucoes\/"},{"@type":"ListItem","position":3,"name":"Consultoria"}]},{"@type":"WebSite","@id":"https:\/\/stconsultores.com\/#website","url":"https:\/\/stconsultores.com\/","name":"My CMS","description":"Servicios integrales de consultor\u00eda inmobiliaria y estrat\u00e9gica","potentialAction":[{"@type":"SearchAction","target":{"@type":"EntryPoint","urlTemplate":"https:\/\/stconsultores.com\/?s={search_term_string}"},"query-input":{"@type":"PropertyValueSpecification","valueRequired":true,"valueName":"search_term_string"}}],"inLanguage":"pt-PT"}]}},"_links":{"self":[{"href":"https:\/\/stconsultores.com\/pt-pt\/wp-json\/wp\/v2\/pages\/1708","targetHints":{"allow":["GET"]}}],"collection":[{"href":"https:\/\/stconsultores.com\/pt-pt\/wp-json\/wp\/v2\/pages"}],"about":[{"href":"https:\/\/stconsultores.com\/pt-pt\/wp-json\/wp\/v2\/types\/page"}],"author":[{"embeddable":true,"href":"https:\/\/stconsultores.com\/pt-pt\/wp-json\/wp\/v2\/users\/5"}],"replies":[{"embeddable":true,"href":"https:\/\/stconsultores.com\/pt-pt\/wp-json\/wp\/v2\/comments?post=1708"}],"version-history":[{"count":2,"href":"https:\/\/stconsultores.com\/pt-pt\/wp-json\/wp\/v2\/pages\/1708\/revisions"}],"predecessor-version":[{"id":1848,"href":"https:\/\/stconsultores.com\/pt-pt\/wp-json\/wp\/v2\/pages\/1708\/revisions\/1848"}],"up":[{"embeddable":true,"href":"https:\/\/stconsultores.com\/pt-pt\/wp-json\/wp\/v2\/pages\/836"}],"wp:featuredmedia":[{"embeddable":true,"href":"https:\/\/stconsultores.com\/pt-pt\/wp-json\/wp\/v2\/media\/1607"}],"wp:attachment":[{"href":"https:\/\/stconsultores.com\/pt-pt\/wp-json\/wp\/v2\/media?parent=1708"}],"curies":[{"name":"wp","href":"https:\/\/api.w.org\/{rel}","templated":true}]}}