{"id":836,"date":"2018-08-29T09:38:17","date_gmt":"2018-08-29T08:38:17","guid":{"rendered":"http:\/\/www.stconsultores.com\/soluciones\/"},"modified":"2019-01-24T19:21:55","modified_gmt":"2019-01-24T18:21:55","slug":"solucoes","status":"publish","type":"page","link":"https:\/\/stconsultores.com\/pt-pt\/solucoes\/","title":{"rendered":"Solu\u00e7\u00f5es"},"content":{"rendered":"","protected":false},"excerpt":{"rendered":"","protected":false},"author":1,"featured_media":0,"parent":0,"menu_order":0,"comment_status":"closed","ping_status":"closed","template":"","meta":{"footnotes":""},"class_list":["post-836","page","type-page","status-publish","hentry"],"yoast_head":"<!-- This site is optimized with the Yoast SEO plugin v27.3 - https:\/\/yoast.com\/product\/yoast-seo-wordpress\/ -->\n<title>Solu\u00e7\u00f5es - My CMS<\/title>\n<meta name=\"description\" content=\"project management, project monitoring, consultor\u00eda edificaci\u00f3n, gesti\u00f3n t\u00e9cnica de activos, an\u00e1lisis de mercado, consultor\u00eda estrat\u00e9gica, due diligences, arquitectura e ingenier\u00eda, actuaciones t\u00e9cnicas, informes t\u00e9cnicos, certificaci\u00f3n energ\u00e9tica, evaluaci\u00f3n ratings oficinas,rics, spanish property survey\" \/>\n<meta name=\"robots\" content=\"index, follow, max-snippet:-1, max-image-preview:large, max-video-preview:-1\" \/>\n<link rel=\"canonical\" href=\"https:\/\/stconsultores.com\/pt-pt\/solucoes\/\" \/>\n<meta property=\"og:locale\" content=\"pt_PT\" \/>\n<meta property=\"og:type\" content=\"article\" \/>\n<meta property=\"og:title\" content=\"Solu\u00e7\u00f5es - My CMS\" \/>\n<meta property=\"og:description\" content=\"project management, project monitoring, consultor\u00eda edificaci\u00f3n, gesti\u00f3n t\u00e9cnica de activos, an\u00e1lisis de mercado, consultor\u00eda estrat\u00e9gica, due diligences, arquitectura e ingenier\u00eda, actuaciones t\u00e9cnicas, informes t\u00e9cnicos, certificaci\u00f3n energ\u00e9tica, evaluaci\u00f3n ratings oficinas,rics, spanish property survey\" \/>\n<meta property=\"og:url\" content=\"https:\/\/stconsultores.com\/pt-pt\/solucoes\/\" \/>\n<meta property=\"og:site_name\" content=\"My CMS\" \/>\n<meta property=\"article:publisher\" content=\"https:\/\/es-es.facebook.com\/pages\/category\/Community\/ST-Consultores-112727218800616\/\" \/>\n<meta property=\"article:modified_time\" content=\"2019-01-24T18:21:55+00:00\" \/>\n<meta name=\"twitter:card\" content=\"summary_large_image\" \/>\n<meta name=\"twitter:site\" content=\"@stconsultores\" \/>\n<script type=\"application\/ld+json\" class=\"yoast-schema-graph\">{\"@context\":\"https:\\\/\\\/schema.org\",\"@graph\":[{\"@type\":\"WebPage\",\"@id\":\"https:\\\/\\\/stconsultores.com\\\/pt-pt\\\/solucoes\\\/\",\"url\":\"https:\\\/\\\/stconsultores.com\\\/pt-pt\\\/solucoes\\\/\",\"name\":\"Solu\u00e7\u00f5es - My CMS\",\"isPartOf\":{\"@id\":\"https:\\\/\\\/stconsultores.com\\\/#website\"},\"datePublished\":\"2018-08-29T08:38:17+00:00\",\"dateModified\":\"2019-01-24T18:21:55+00:00\",\"description\":\"project management, project monitoring, consultor\u00eda edificaci\u00f3n, gesti\u00f3n t\u00e9cnica de activos, an\u00e1lisis de mercado, consultor\u00eda estrat\u00e9gica, due diligences, arquitectura e ingenier\u00eda, actuaciones t\u00e9cnicas, informes t\u00e9cnicos, certificaci\u00f3n energ\u00e9tica, evaluaci\u00f3n ratings oficinas,rics, spanish property survey\",\"breadcrumb\":{\"@id\":\"https:\\\/\\\/stconsultores.com\\\/pt-pt\\\/solucoes\\\/#breadcrumb\"},\"inLanguage\":\"pt-PT\",\"potentialAction\":[{\"@type\":\"ReadAction\",\"target\":[\"https:\\\/\\\/stconsultores.com\\\/pt-pt\\\/solucoes\\\/\"]}]},{\"@type\":\"BreadcrumbList\",\"@id\":\"https:\\\/\\\/stconsultores.com\\\/pt-pt\\\/solucoes\\\/#breadcrumb\",\"itemListElement\":[{\"@type\":\"ListItem\",\"position\":1,\"name\":\"Portada\",\"item\":\"https:\\\/\\\/stconsultores.com\\\/pt-pt\\\/\"},{\"@type\":\"ListItem\",\"position\":2,\"name\":\"Solu\u00e7\u00f5es\"}]},{\"@type\":\"WebSite\",\"@id\":\"https:\\\/\\\/stconsultores.com\\\/#website\",\"url\":\"https:\\\/\\\/stconsultores.com\\\/\",\"name\":\"My CMS\",\"description\":\"Servicios integrales de consultor\u00eda inmobiliaria y estrat\u00e9gica\",\"potentialAction\":[{\"@type\":\"SearchAction\",\"target\":{\"@type\":\"EntryPoint\",\"urlTemplate\":\"https:\\\/\\\/stconsultores.com\\\/?s={search_term_string}\"},\"query-input\":{\"@type\":\"PropertyValueSpecification\",\"valueRequired\":true,\"valueName\":\"search_term_string\"}}],\"inLanguage\":\"pt-PT\"}]}<\/script>\n<!-- \/ Yoast SEO plugin. -->","yoast_head_json":{"title":"Solu\u00e7\u00f5es - My CMS","description":"project management, project monitoring, consultor\u00eda edificaci\u00f3n, gesti\u00f3n t\u00e9cnica de activos, an\u00e1lisis de mercado, consultor\u00eda estrat\u00e9gica, due diligences, arquitectura e ingenier\u00eda, actuaciones t\u00e9cnicas, informes t\u00e9cnicos, certificaci\u00f3n energ\u00e9tica, evaluaci\u00f3n ratings oficinas,rics, spanish property survey","robots":{"index":"index","follow":"follow","max-snippet":"max-snippet:-1","max-image-preview":"max-image-preview:large","max-video-preview":"max-video-preview:-1"},"canonical":"https:\/\/stconsultores.com\/pt-pt\/solucoes\/","og_locale":"pt_PT","og_type":"article","og_title":"Solu\u00e7\u00f5es - My CMS","og_description":"project management, project monitoring, consultor\u00eda edificaci\u00f3n, gesti\u00f3n t\u00e9cnica de activos, an\u00e1lisis de mercado, consultor\u00eda estrat\u00e9gica, due diligences, arquitectura e ingenier\u00eda, actuaciones t\u00e9cnicas, informes t\u00e9cnicos, certificaci\u00f3n energ\u00e9tica, evaluaci\u00f3n ratings oficinas,rics, spanish property survey","og_url":"https:\/\/stconsultores.com\/pt-pt\/solucoes\/","og_site_name":"My CMS","article_publisher":"https:\/\/es-es.facebook.com\/pages\/category\/Community\/ST-Consultores-112727218800616\/","article_modified_time":"2019-01-24T18:21:55+00:00","twitter_card":"summary_large_image","twitter_site":"@stconsultores","schema":{"@context":"https:\/\/schema.org","@graph":[{"@type":"WebPage","@id":"https:\/\/stconsultores.com\/pt-pt\/solucoes\/","url":"https:\/\/stconsultores.com\/pt-pt\/solucoes\/","name":"Solu\u00e7\u00f5es - My CMS","isPartOf":{"@id":"https:\/\/stconsultores.com\/#website"},"datePublished":"2018-08-29T08:38:17+00:00","dateModified":"2019-01-24T18:21:55+00:00","description":"project management, project monitoring, consultor\u00eda edificaci\u00f3n, gesti\u00f3n t\u00e9cnica de activos, an\u00e1lisis de mercado, consultor\u00eda estrat\u00e9gica, due diligences, arquitectura e ingenier\u00eda, actuaciones t\u00e9cnicas, informes t\u00e9cnicos, certificaci\u00f3n energ\u00e9tica, evaluaci\u00f3n ratings oficinas,rics, spanish property survey","breadcrumb":{"@id":"https:\/\/stconsultores.com\/pt-pt\/solucoes\/#breadcrumb"},"inLanguage":"pt-PT","potentialAction":[{"@type":"ReadAction","target":["https:\/\/stconsultores.com\/pt-pt\/solucoes\/"]}]},{"@type":"BreadcrumbList","@id":"https:\/\/stconsultores.com\/pt-pt\/solucoes\/#breadcrumb","itemListElement":[{"@type":"ListItem","position":1,"name":"Portada","item":"https:\/\/stconsultores.com\/pt-pt\/"},{"@type":"ListItem","position":2,"name":"Solu\u00e7\u00f5es"}]},{"@type":"WebSite","@id":"https:\/\/stconsultores.com\/#website","url":"https:\/\/stconsultores.com\/","name":"My CMS","description":"Servicios integrales de consultor\u00eda inmobiliaria y estrat\u00e9gica","potentialAction":[{"@type":"SearchAction","target":{"@type":"EntryPoint","urlTemplate":"https:\/\/stconsultores.com\/?s={search_term_string}"},"query-input":{"@type":"PropertyValueSpecification","valueRequired":true,"valueName":"search_term_string"}}],"inLanguage":"pt-PT"}]}},"_links":{"self":[{"href":"https:\/\/stconsultores.com\/pt-pt\/wp-json\/wp\/v2\/pages\/836","targetHints":{"allow":["GET"]}}],"collection":[{"href":"https:\/\/stconsultores.com\/pt-pt\/wp-json\/wp\/v2\/pages"}],"about":[{"href":"https:\/\/stconsultores.com\/pt-pt\/wp-json\/wp\/v2\/types\/page"}],"author":[{"embeddable":true,"href":"https:\/\/stconsultores.com\/pt-pt\/wp-json\/wp\/v2\/users\/1"}],"replies":[{"embeddable":true,"href":"https:\/\/stconsultores.com\/pt-pt\/wp-json\/wp\/v2\/comments?post=836"}],"version-history":[{"count":1,"href":"https:\/\/stconsultores.com\/pt-pt\/wp-json\/wp\/v2\/pages\/836\/revisions"}],"predecessor-version":[{"id":839,"href":"https:\/\/stconsultores.com\/pt-pt\/wp-json\/wp\/v2\/pages\/836\/revisions\/839"}],"wp:attachment":[{"href":"https:\/\/stconsultores.com\/pt-pt\/wp-json\/wp\/v2\/media?parent=836"}],"curies":[{"name":"wp","href":"https:\/\/api.w.org\/{rel}","templated":true}]}}