{"id":910,"date":"2018-11-20T16:35:20","date_gmt":"2018-11-20T15:35:20","guid":{"rendered":"http:\/\/www.stconsultores.com\/politica-de-responsabilidad-corporativa\/"},"modified":"2025-05-26T11:08:40","modified_gmt":"2025-05-26T09:08:40","slug":"politica-de-responsabilidade-social","status":"publish","type":"page","link":"https:\/\/stconsultores.com\/pt-pt\/politica-de-responsabilidade-social\/","title":{"rendered":"ESG"},"content":{"rendered":"","protected":false},"excerpt":{"rendered":"<p>No concebimos el desarrollo y crecimiento de nuestra empresa sin unas pol\u00edticas que nos garanticen que, tanto nuestra visi\u00f3n, como nuestro c\u00f3digo \u00e9tico, tienen un lugar protagonista en nuestros planes y objetivos como empresa, en forma de responsabilidad con nu<\/p>\n","protected":false},"author":1,"featured_media":912,"parent":0,"menu_order":0,"comment_status":"closed","ping_status":"closed","template":"","meta":{"footnotes":""},"class_list":["post-910","page","type-page","status-publish","has-post-thumbnail","hentry"],"yoast_head":"<!-- This site is optimized with the Yoast SEO plugin v27.3 - https:\/\/yoast.com\/product\/yoast-seo-wordpress\/ -->\n<title>ESG - My CMS<\/title>\n<meta name=\"description\" content=\"project management, project monitoring, consultor\u00eda edificaci\u00f3n, gesti\u00f3n t\u00e9cnica de activos, an\u00e1lisis de mercado, consultor\u00eda estrat\u00e9gica, due diligences, arquitectura e ingenier\u00eda, actuaciones t\u00e9cnicas, informes t\u00e9cnicos, certificaci\u00f3n energ\u00e9tica, evaluaci\u00f3n ratings oficinas,rics, spanish property survey\" \/>\n<meta name=\"robots\" content=\"index, follow, max-snippet:-1, max-image-preview:large, max-video-preview:-1\" \/>\n<link rel=\"canonical\" href=\"https:\/\/stconsultores.com\/pt-pt\/politica-de-responsabilidade-social\/\" \/>\n<meta property=\"og:locale\" content=\"pt_PT\" \/>\n<meta property=\"og:type\" content=\"article\" \/>\n<meta property=\"og:title\" content=\"ESG - My CMS\" \/>\n<meta property=\"og:description\" content=\"project management, project monitoring, consultor\u00eda edificaci\u00f3n, gesti\u00f3n t\u00e9cnica de activos, an\u00e1lisis de mercado, consultor\u00eda estrat\u00e9gica, due diligences, arquitectura e ingenier\u00eda, actuaciones t\u00e9cnicas, informes t\u00e9cnicos, certificaci\u00f3n energ\u00e9tica, evaluaci\u00f3n ratings oficinas,rics, spanish property survey\" \/>\n<meta property=\"og:url\" content=\"https:\/\/stconsultores.com\/pt-pt\/politica-de-responsabilidade-social\/\" \/>\n<meta property=\"og:site_name\" content=\"My CMS\" \/>\n<meta property=\"article:publisher\" content=\"https:\/\/es-es.facebook.com\/pages\/category\/Community\/ST-Consultores-112727218800616\/\" \/>\n<meta property=\"article:modified_time\" content=\"2025-05-26T09:08:40+00:00\" \/>\n<meta property=\"og:image\" content=\"https:\/\/stconsultores.com\/wp-content\/uploads\/2018\/10\/energy_01.jpg\" \/>\n\t<meta property=\"og:image:width\" content=\"1920\" \/>\n\t<meta property=\"og:image:height\" content=\"1080\" \/>\n\t<meta property=\"og:image:type\" content=\"image\/jpeg\" \/>\n<meta name=\"twitter:card\" content=\"summary_large_image\" \/>\n<meta name=\"twitter:site\" content=\"@stconsultores\" \/>\n<meta name=\"twitter:label1\" content=\"Tempo estimado de leitura\" \/>\n\t<meta name=\"twitter:data1\" content=\"1 minuto\" \/>\n<script type=\"application\/ld+json\" class=\"yoast-schema-graph\">{\"@context\":\"https:\\\/\\\/schema.org\",\"@graph\":[{\"@type\":\"WebPage\",\"@id\":\"https:\\\/\\\/stconsultores.com\\\/pt-pt\\\/politica-de-responsabilidade-social\\\/\",\"url\":\"https:\\\/\\\/stconsultores.com\\\/pt-pt\\\/politica-de-responsabilidade-social\\\/\",\"name\":\"ESG - My CMS\",\"isPartOf\":{\"@id\":\"https:\\\/\\\/stconsultores.com\\\/#website\"},\"primaryImageOfPage\":{\"@id\":\"https:\\\/\\\/stconsultores.com\\\/pt-pt\\\/politica-de-responsabilidade-social\\\/#primaryimage\"},\"image\":{\"@id\":\"https:\\\/\\\/stconsultores.com\\\/pt-pt\\\/politica-de-responsabilidade-social\\\/#primaryimage\"},\"thumbnailUrl\":\"https:\\\/\\\/stconsultores.com\\\/wp-content\\\/uploads\\\/2018\\\/10\\\/energy_01.jpg\",\"datePublished\":\"2018-11-20T15:35:20+00:00\",\"dateModified\":\"2025-05-26T09:08:40+00:00\",\"description\":\"project management, project monitoring, consultor\u00eda edificaci\u00f3n, gesti\u00f3n t\u00e9cnica de activos, an\u00e1lisis de mercado, consultor\u00eda estrat\u00e9gica, due diligences, arquitectura e ingenier\u00eda, actuaciones t\u00e9cnicas, informes t\u00e9cnicos, certificaci\u00f3n energ\u00e9tica, evaluaci\u00f3n ratings oficinas,rics, spanish property survey\",\"breadcrumb\":{\"@id\":\"https:\\\/\\\/stconsultores.com\\\/pt-pt\\\/politica-de-responsabilidade-social\\\/#breadcrumb\"},\"inLanguage\":\"pt-PT\",\"potentialAction\":[{\"@type\":\"ReadAction\",\"target\":[\"https:\\\/\\\/stconsultores.com\\\/pt-pt\\\/politica-de-responsabilidade-social\\\/\"]}]},{\"@type\":\"ImageObject\",\"inLanguage\":\"pt-PT\",\"@id\":\"https:\\\/\\\/stconsultores.com\\\/pt-pt\\\/politica-de-responsabilidade-social\\\/#primaryimage\",\"url\":\"https:\\\/\\\/stconsultores.com\\\/wp-content\\\/uploads\\\/2018\\\/10\\\/energy_01.jpg\",\"contentUrl\":\"https:\\\/\\\/stconsultores.com\\\/wp-content\\\/uploads\\\/2018\\\/10\\\/energy_01.jpg\",\"width\":1920,\"height\":1080},{\"@type\":\"BreadcrumbList\",\"@id\":\"https:\\\/\\\/stconsultores.com\\\/pt-pt\\\/politica-de-responsabilidade-social\\\/#breadcrumb\",\"itemListElement\":[{\"@type\":\"ListItem\",\"position\":1,\"name\":\"Portada\",\"item\":\"https:\\\/\\\/stconsultores.com\\\/pt-pt\\\/\"},{\"@type\":\"ListItem\",\"position\":2,\"name\":\"ESG\"}]},{\"@type\":\"WebSite\",\"@id\":\"https:\\\/\\\/stconsultores.com\\\/#website\",\"url\":\"https:\\\/\\\/stconsultores.com\\\/\",\"name\":\"My CMS\",\"description\":\"Servicios integrales de consultor\u00eda inmobiliaria y estrat\u00e9gica\",\"potentialAction\":[{\"@type\":\"SearchAction\",\"target\":{\"@type\":\"EntryPoint\",\"urlTemplate\":\"https:\\\/\\\/stconsultores.com\\\/?s={search_term_string}\"},\"query-input\":{\"@type\":\"PropertyValueSpecification\",\"valueRequired\":true,\"valueName\":\"search_term_string\"}}],\"inLanguage\":\"pt-PT\"}]}<\/script>\n<!-- \/ Yoast SEO plugin. -->","yoast_head_json":{"title":"ESG - My CMS","description":"project management, project monitoring, consultor\u00eda edificaci\u00f3n, gesti\u00f3n t\u00e9cnica de activos, an\u00e1lisis de mercado, consultor\u00eda estrat\u00e9gica, due diligences, arquitectura e ingenier\u00eda, actuaciones t\u00e9cnicas, informes t\u00e9cnicos, certificaci\u00f3n energ\u00e9tica, evaluaci\u00f3n ratings oficinas,rics, spanish property survey","robots":{"index":"index","follow":"follow","max-snippet":"max-snippet:-1","max-image-preview":"max-image-preview:large","max-video-preview":"max-video-preview:-1"},"canonical":"https:\/\/stconsultores.com\/pt-pt\/politica-de-responsabilidade-social\/","og_locale":"pt_PT","og_type":"article","og_title":"ESG - My CMS","og_description":"project management, project monitoring, consultor\u00eda edificaci\u00f3n, gesti\u00f3n t\u00e9cnica de activos, an\u00e1lisis de mercado, consultor\u00eda estrat\u00e9gica, due diligences, arquitectura e ingenier\u00eda, actuaciones t\u00e9cnicas, informes t\u00e9cnicos, certificaci\u00f3n energ\u00e9tica, evaluaci\u00f3n ratings oficinas,rics, spanish property survey","og_url":"https:\/\/stconsultores.com\/pt-pt\/politica-de-responsabilidade-social\/","og_site_name":"My CMS","article_publisher":"https:\/\/es-es.facebook.com\/pages\/category\/Community\/ST-Consultores-112727218800616\/","article_modified_time":"2025-05-26T09:08:40+00:00","og_image":[{"width":1920,"height":1080,"url":"https:\/\/stconsultores.com\/wp-content\/uploads\/2018\/10\/energy_01.jpg","type":"image\/jpeg"}],"twitter_card":"summary_large_image","twitter_site":"@stconsultores","twitter_misc":{"Tempo estimado de leitura":"1 minuto"},"schema":{"@context":"https:\/\/schema.org","@graph":[{"@type":"WebPage","@id":"https:\/\/stconsultores.com\/pt-pt\/politica-de-responsabilidade-social\/","url":"https:\/\/stconsultores.com\/pt-pt\/politica-de-responsabilidade-social\/","name":"ESG - My CMS","isPartOf":{"@id":"https:\/\/stconsultores.com\/#website"},"primaryImageOfPage":{"@id":"https:\/\/stconsultores.com\/pt-pt\/politica-de-responsabilidade-social\/#primaryimage"},"image":{"@id":"https:\/\/stconsultores.com\/pt-pt\/politica-de-responsabilidade-social\/#primaryimage"},"thumbnailUrl":"https:\/\/stconsultores.com\/wp-content\/uploads\/2018\/10\/energy_01.jpg","datePublished":"2018-11-20T15:35:20+00:00","dateModified":"2025-05-26T09:08:40+00:00","description":"project management, project monitoring, consultor\u00eda edificaci\u00f3n, gesti\u00f3n t\u00e9cnica de activos, an\u00e1lisis de mercado, consultor\u00eda estrat\u00e9gica, due diligences, arquitectura e ingenier\u00eda, actuaciones t\u00e9cnicas, informes t\u00e9cnicos, certificaci\u00f3n energ\u00e9tica, evaluaci\u00f3n ratings oficinas,rics, spanish property survey","breadcrumb":{"@id":"https:\/\/stconsultores.com\/pt-pt\/politica-de-responsabilidade-social\/#breadcrumb"},"inLanguage":"pt-PT","potentialAction":[{"@type":"ReadAction","target":["https:\/\/stconsultores.com\/pt-pt\/politica-de-responsabilidade-social\/"]}]},{"@type":"ImageObject","inLanguage":"pt-PT","@id":"https:\/\/stconsultores.com\/pt-pt\/politica-de-responsabilidade-social\/#primaryimage","url":"https:\/\/stconsultores.com\/wp-content\/uploads\/2018\/10\/energy_01.jpg","contentUrl":"https:\/\/stconsultores.com\/wp-content\/uploads\/2018\/10\/energy_01.jpg","width":1920,"height":1080},{"@type":"BreadcrumbList","@id":"https:\/\/stconsultores.com\/pt-pt\/politica-de-responsabilidade-social\/#breadcrumb","itemListElement":[{"@type":"ListItem","position":1,"name":"Portada","item":"https:\/\/stconsultores.com\/pt-pt\/"},{"@type":"ListItem","position":2,"name":"ESG"}]},{"@type":"WebSite","@id":"https:\/\/stconsultores.com\/#website","url":"https:\/\/stconsultores.com\/","name":"My CMS","description":"Servicios integrales de consultor\u00eda inmobiliaria y estrat\u00e9gica","potentialAction":[{"@type":"SearchAction","target":{"@type":"EntryPoint","urlTemplate":"https:\/\/stconsultores.com\/?s={search_term_string}"},"query-input":{"@type":"PropertyValueSpecification","valueRequired":true,"valueName":"search_term_string"}}],"inLanguage":"pt-PT"}]}},"_links":{"self":[{"href":"https:\/\/stconsultores.com\/pt-pt\/wp-json\/wp\/v2\/pages\/910","targetHints":{"allow":["GET"]}}],"collection":[{"href":"https:\/\/stconsultores.com\/pt-pt\/wp-json\/wp\/v2\/pages"}],"about":[{"href":"https:\/\/stconsultores.com\/pt-pt\/wp-json\/wp\/v2\/types\/page"}],"author":[{"embeddable":true,"href":"https:\/\/stconsultores.com\/pt-pt\/wp-json\/wp\/v2\/users\/1"}],"replies":[{"embeddable":true,"href":"https:\/\/stconsultores.com\/pt-pt\/wp-json\/wp\/v2\/comments?post=910"}],"version-history":[{"count":3,"href":"https:\/\/stconsultores.com\/pt-pt\/wp-json\/wp\/v2\/pages\/910\/revisions"}],"predecessor-version":[{"id":1842,"href":"https:\/\/stconsultores.com\/pt-pt\/wp-json\/wp\/v2\/pages\/910\/revisions\/1842"}],"wp:featuredmedia":[{"embeddable":true,"href":"https:\/\/stconsultores.com\/pt-pt\/wp-json\/wp\/v2\/media\/912"}],"wp:attachment":[{"href":"https:\/\/stconsultores.com\/pt-pt\/wp-json\/wp\/v2\/media?parent=910"}],"curies":[{"name":"wp","href":"https:\/\/api.w.org\/{rel}","templated":true}]}}